{"id":12,"date":"2017-09-14T10:43:41","date_gmt":"2017-09-14T10:43:41","guid":{"rendered":"https:\/\/www.lozanoypacheco.com\/website\/amenities\/"},"modified":"2020-08-28T22:54:09","modified_gmt":"2020-08-29T03:54:09","slug":"politica","status":"publish","type":"page","link":"https:\/\/www.lozanoypacheco.com\/website\/politica\/","title":{"rendered":"Politica"},"content":{"rendered":"\t\t<div data-elementor-type=\"wp-post\" data-elementor-id=\"12\" class=\"elementor elementor-12\">\n\t\t\t\t\t\t<section class=\"elementor-section elementor-top-section elementor-element elementor-element-761c3b1 elementor-section-boxed elementor-section-height-default elementor-section-height-default\" data-id=\"761c3b1\" data-element_type=\"section\" data-settings=\"{&quot;background_background&quot;:&quot;classic&quot;}\">\n\t\t\t\t\t\t\t<div class=\"elementor-background-overlay\"><\/div>\n\t\t\t\t\t\t\t<div class=\"elementor-container elementor-column-gap-no\">\n\t\t\t\t\t<div class=\"elementor-column elementor-col-100 elementor-top-column elementor-element elementor-element-dcbabd2\" data-id=\"dcbabd2\" data-element_type=\"column\">\n\t\t\t<div class=\"elementor-widget-wrap elementor-element-populated\">\n\t\t\t\t\t\t<div class=\"elementor-element elementor-element-6ad5bf8 elementor-widget elementor-widget-heading\" data-id=\"6ad5bf8\" data-element_type=\"widget\" data-widget_type=\"heading.default\">\n\t\t\t\t<div class=\"elementor-widget-container\">\n\t\t\t\t\t<h2 class=\"elementor-heading-title elementor-size-default\">Pol\u00edtica de Tratamiento de datos<\/h2>\t\t\t\t<\/div>\n\t\t\t\t<\/div>\n\t\t\t\t<div class=\"elementor-element elementor-element-2efbbb3 elementor-widget elementor-widget-text-editor\" data-id=\"2efbbb3\" data-element_type=\"widget\" data-widget_type=\"text-editor.default\">\n\t\t\t\t<div class=\"elementor-widget-container\">\n\t\t\t\t\t\t\t\t\tDe conformidad con el art\u00edculo 15 de la Constituci\u00f3n Nacional, la Ley Estatutaria 1581 de 2012 y el Decreto 1377 de 2013\t\t\t\t\t\t\t\t<\/div>\n\t\t\t\t<\/div>\n\t\t\t\t\t<\/div>\n\t\t<\/div>\n\t\t\t\t\t<\/div>\n\t\t<\/section>\n\t\t\t\t<section class=\"elementor-section elementor-top-section elementor-element elementor-element-673136e elementor-section-boxed elementor-section-height-default elementor-section-height-default\" data-id=\"673136e\" data-element_type=\"section\" data-settings=\"{&quot;background_background&quot;:&quot;classic&quot;}\">\n\t\t\t\t\t\t<div class=\"elementor-container elementor-column-gap-no\">\n\t\t\t\t\t<div class=\"elementor-column elementor-col-100 elementor-top-column elementor-element elementor-element-dc07cf0\" data-id=\"dc07cf0\" data-element_type=\"column\">\n\t\t\t<div class=\"elementor-widget-wrap elementor-element-populated\">\n\t\t\t\t\t\t<div class=\"elementor-element elementor-element-3e121f0 elementor-invisible elementor-widget elementor-widget-heading\" data-id=\"3e121f0\" data-element_type=\"widget\" data-settings=\"{&quot;_animation&quot;:&quot;fadeIn&quot;}\" data-widget_type=\"heading.default\">\n\t\t\t\t<div class=\"elementor-widget-container\">\n\t\t\t\t\t<h3 class=\"elementor-heading-title elementor-size-default\">Aviso de privacidad. SKANDIA Colombia S.A. L&amp;P Asociados Ltda.<\/h3>\t\t\t\t<\/div>\n\t\t\t\t<\/div>\n\t\t\t\t<section class=\"elementor-section elementor-inner-section elementor-element elementor-element-d0f9cf8 elementor-section-boxed elementor-section-height-default elementor-section-height-default\" data-id=\"d0f9cf8\" data-element_type=\"section\">\n\t\t\t\t\t\t<div class=\"elementor-container elementor-column-gap-default\">\n\t\t\t\t\t<div class=\"elementor-column elementor-col-50 elementor-inner-column elementor-element elementor-element-859bedc\" data-id=\"859bedc\" data-element_type=\"column\">\n\t\t\t<div class=\"elementor-widget-wrap elementor-element-populated\">\n\t\t\t\t\t\t<div class=\"elementor-element elementor-element-731f413 elementor-widget elementor-widget-text-editor\" data-id=\"731f413\" data-element_type=\"widget\" data-widget_type=\"text-editor.default\">\n\t\t\t\t<div class=\"elementor-widget-container\">\n\t\t\t\t\t\t\t\t\t<p><b>L&amp;P Asociados Ltda<\/b> y <b>Skandia Colombia S.A<\/b>. actuar\u00e1n como Los Responsables del Tratamiento de los datos personales, por lo cual informan que los mismos ser\u00e1n tratados para las siguientes finalidades:<\/p><p><b>(i)<\/b> Efectuar las gestiones pertinentes para el desarrollo de la etapa precontractual, contractual y pos-contractual con Los Responsables, respecto de cualquiera de los productos ofrecidos por los responsables que haya o respecto de cualquier relaci\u00f3n negocial subyacente que tenga con ella, as\u00ed como dar cumplimiento a la ley colombiana o extranjera y las \u00f3rdenes de autoridades judiciales o administrativas.<\/p><p><b>(ii)<\/b> Realizar invitaciones a eventos, mejorar productos y servicios u ofertar nuevos productos, y todas aquellas actividades asociadas a la relaci\u00f3n comercial o v\u00ednculo existente con Los Responsables, o aquel que llegare a tener.<\/p><p><b>(iii)<\/b> Gestionar tr\u00e1mites (solicitudes, quejas, reclamos) realizar an\u00e1lisis de riesgo, efectuar encuestas de satisfacci\u00f3n respecto de los bienes y servicios de Los Responsables o empresas vinculadas al Skandia en Colombia, as\u00ed como a sus aliados comerciales.<\/p><p><b>(iv)<\/b> Suministrar informaci\u00f3n de contacto y documentos pertinentes a la fuerza comercial y\/o red de distribuci\u00f3n, telemercadeo, y cualquier tercero con el cual Los Responsables posean un v\u00ednculo contractual de cualquier \u00edndole.<\/p><p>\u00a0<\/p><p><b>(v)<\/b> Dar a conocer, transferir y\/o trasmitir mis datos personales dentro y fuera del pa\u00eds, computaci\u00f3n en la nube, as\u00ed como a cualquier empresa miembro del grupo Skandia Colombia, as\u00ed como a terceros a consecuencia de un contrato, ley o v\u00ednculo l\u00edcito que as\u00ed lo requiera, para todo lo anterior otorgo mi autorizaci\u00f3n expresa e inequ\u00edvoca.<\/p><p><b>(vi)<\/b> Suministrar a autoridades, entes de control, asociaciones gremiales y a los sistemas manejados por \u00e9stas, los datos personales necesarios para la realizaci\u00f3n de estudios y en general la administraci\u00f3n de sistemas de informaci\u00f3n del sector correspondiente, cuando aplique.<\/p><p><b>(vii)<\/b> Consultar, recolectar, proporcionar a terceros con quienes el responsable posea un v\u00ednculo comercial, legal y\/o contractual y reportar la informaci\u00f3n que repose en operadores de bancos de datos de informaci\u00f3n financiera de que trata la Ley 1266 de 2008 o las normas que la modifiquen o sustituyan para las siguientes finalidades: c\u00e1lculo de riesgo crediticio, fines comerciales, de mantenimiento de la relaci\u00f3n contractual con Los Responsables, estudios de mercado, investigaciones, estad\u00edsticas, reporte a entidades p\u00fablicas y cumplimiento de la normatividad aplicable al Sistema de Administraci\u00f3n de Riesgo de Lavado de Activos y Financiaci\u00f3n del Terrorismo.<\/p>\t\t\t\t\t\t\t\t<\/div>\n\t\t\t\t<\/div>\n\t\t\t\t\t<\/div>\n\t\t<\/div>\n\t\t\t\t<div class=\"elementor-column elementor-col-50 elementor-inner-column elementor-element elementor-element-f2f7b62\" data-id=\"f2f7b62\" data-element_type=\"column\">\n\t\t\t<div class=\"elementor-widget-wrap elementor-element-populated\">\n\t\t\t\t\t\t<div class=\"elementor-element elementor-element-814cbc6 elementor-widget elementor-widget-text-editor\" data-id=\"814cbc6\" data-element_type=\"widget\" data-widget_type=\"text-editor.default\">\n\t\t\t\t<div class=\"elementor-widget-container\">\n\t\t\t\t\t\t\t\t\t<p><b>(viii)<\/b> Acceder y consultar mis datos personales que reposen o est\u00e9n contenidos en bases de datos o archivos de cualquier Entidad Privada o P\u00fablica (como entre otros, los Ministerios, los Departamentos Administrativos, la DIAN, la Fiscal\u00eda, los Juzgados, tribunales y altas Cortes) ya sea nacional, internacional o extranjera.<\/p><p><b>(ix)<\/b> Crear bases de datos para los fines descritos en la pol\u00edtica de tratamiento de informaci\u00f3n. Los datos recolectados a trav\u00e9s de puntos de seguridad, as\u00ed como, los datos tomados de los documentos suministrados por el titular al personal de seguridad y los obtenidos de las videograbaciones que se realizan dentro o fuera de las instalaciones de Los Responsables, se utilizar\u00e1n para fines de seguridad y vigilancia de las personas, los bienes e instalaciones de Los Responsables y podr\u00e1n ser utilizados como prueba en cualquier tipo de proceso.<\/p><p>Los Responsables ponen a su disposici\u00f3n la Pol\u00edtica de Tratamiento de Informaci\u00f3n<b>\u00b9<\/b> la cual define, entre otros, los principios que cumpliremos al recolectar, almacenar, usar y realizar cualquier actividad con sus datos personales, as\u00ed como los mecanismos para que ejerza sus derechos a conocer, actualizar, rectificar sus datos personales y revocar la autorizaci\u00f3n conferida para el tratamiento, de conformidad con el art\u00edculo 15 de la Constituci\u00f3n Nacional, la Ley Estatutaria 1581 de 2012 y el Decreto 1377 de 2013, e informa que es voluntario responder preguntas que eventualmente le sean realizadas sobre datos sensibles<b>\u00b2<\/b> o datos de menores de edad, y que \u00e9stos \u00faltimos ser\u00e1n tratados respetando sus derechos fundamentales y con finalidades l\u00edcitas.<\/p><p>Para la atenci\u00f3n de requerimientos relacionados con la protecci\u00f3n de datos personales y el ejercicio de los derechos mencionados, Los Responsables han dispuesto la l\u00ednea de atenci\u00f3n nacional <b>01 8000 517 526<\/b>, el correo electr\u00f3nico cliente@skandia.com.co y las oficinas de atenci\u00f3n al cliente a nivel nacional, cuya informaci\u00f3n puede consultar en <a href=\"http:\/\/www.skandia.com.co\" target=\"_blank\" rel=\"noopener\">www.skandia.com.co<\/a>, disponibles de lunes a viernes de 8:00 a.m. a 6:00 p.m.<\/p><p><i>\u00b9 Por favor ingrese a este link, para conocer el texto completo de la pol\u00edtica de tratamiento de datos <a href=\"https:\/\/www.skandia.com.co\/proteccion-de-datos\/Paginas\/Aviso-de-Privacidad.aspx\" target=\"_blank\" rel=\"noopener\">https:\/\/www.skandia.com.co\/proteccion-de-datos\/Paginas\/Aviso-de-Privacidad.aspx<\/a><br \/>\u00b2 Son datos sensibles, aquellos que afectan la intimidad del Titular o cuyo uso indebido puede generar discriminaci\u00f3n, por ejemplo, la orientaci\u00f3n pol\u00edtica, las convicciones religiosas o filos\u00f3ficas, de derechos humanos, as\u00ed como los datos relativos a la salud, a la vida sexual y los datos biom\u00e9tricos.<\/i><\/p>\t\t\t\t\t\t\t\t<\/div>\n\t\t\t\t<\/div>\n\t\t\t\t\t<\/div>\n\t\t<\/div>\n\t\t\t\t\t<\/div>\n\t\t<\/section>\n\t\t\t\t\t<\/div>\n\t\t<\/div>\n\t\t\t\t\t<\/div>\n\t\t<\/section>\n\t\t\t\t<\/div>\n\t\t","protected":false},"excerpt":{"rendered":"<p>Pol\u00edtica de Tratamiento de datos De conformidad con el art\u00edculo 15 de la Constituci\u00f3n Nacional, la Ley Estatutaria 1581 de 2012 y el Decreto 1377 de 2013 Aviso de privacidad. SKANDIA Colombia S.A. L&amp;P Asociados Ltda. L&amp;P Asociados Ltda y Skandia Colombia S.A. actuar\u00e1n como Los Responsables del Tratamiento de los datos personales, por lo &hellip;<\/p>\n<p class=\"read-more\"> <a class=\"\" href=\"https:\/\/www.lozanoypacheco.com\/website\/politica\/\"> <span class=\"screen-reader-text\">Politica<\/span> Read More &raquo;<\/a><\/p>\n","protected":false},"author":1,"featured_media":0,"parent":0,"menu_order":0,"comment_status":"closed","ping_status":"closed","template":"","meta":{"bgseo_title":"","bgseo_description":"","bgseo_robots_index":"index","bgseo_robots_follow":"follow","footnotes":""},"class_list":["post-12","page","type-page","status-publish","hentry"],"_links":{"self":[{"href":"https:\/\/www.lozanoypacheco.com\/website\/wp-json\/wp\/v2\/pages\/12","targetHints":{"allow":["GET"]}}],"collection":[{"href":"https:\/\/www.lozanoypacheco.com\/website\/wp-json\/wp\/v2\/pages"}],"about":[{"href":"https:\/\/www.lozanoypacheco.com\/website\/wp-json\/wp\/v2\/types\/page"}],"author":[{"embeddable":true,"href":"https:\/\/www.lozanoypacheco.com\/website\/wp-json\/wp\/v2\/users\/1"}],"replies":[{"embeddable":true,"href":"https:\/\/www.lozanoypacheco.com\/website\/wp-json\/wp\/v2\/comments?post=12"}],"version-history":[{"count":7,"href":"https:\/\/www.lozanoypacheco.com\/website\/wp-json\/wp\/v2\/pages\/12\/revisions"}],"predecessor-version":[{"id":1281,"href":"https:\/\/www.lozanoypacheco.com\/website\/wp-json\/wp\/v2\/pages\/12\/revisions\/1281"}],"wp:attachment":[{"href":"https:\/\/www.lozanoypacheco.com\/website\/wp-json\/wp\/v2\/media?parent=12"}],"curies":[{"name":"wp","href":"https:\/\/api.w.org\/{rel}","templated":true}]}}